{"id":476,"date":"2023-02-08T10:53:53","date_gmt":"2023-02-08T15:53:53","guid":{"rendered":"https:\/\/prtremblant.com\/home\/"},"modified":"2026-01-14T15:18:29","modified_gmt":"2026-01-14T20:18:29","slug":"salle-de-reception-mont-tremblant","status":"publish","type":"page","link":"https:\/\/prtremblant.com\/en\/","title":{"rendered":"Accueil"},"content":{"rendered":"<div class=\"wpb-content-wrapper\">[vc_row fullwidth=&#8221;true&#8221; fullwidth_content=&#8221;false&#8221; el_class=&#8221;overflow-visible&#8221;][vc_column][vc_row_inner is_fullwidth_content=&#8221;false&#8221; el_class=&#8221;row-header-img&#8221;][vc_column_inner][vc_raw_html]JTVCaGVhZGVyX3RvcF9pbWclMjB1cmwlM0QlMjIlMkZ3cC1jb250ZW50JTJGdXBsb2FkcyUyRjIwMjYlMkYwMSUyRnByaXZhdGUtcm9vbS1ldmVuZW1lbnQtY29ycG8tbWFyaWFnZS1zYWxsZS1kZS1yZWNlcHRpb24tbGF1cmVudGlkZXMtdHJlbWJsYW50LnBuZyUyMiU1RCUwQSU1QnN2Z19yZWN0YW5nbGUlNUQ=[\/vc_raw_html][\/vc_column_inner][\/vc_row_inner][\/vc_column][\/vc_row][vc_row fullwidth=&#8221;true&#8221; fullwidth_content=&#8221;false&#8221;][vc_column][mk_padding_divider size=&#8221;325&#8243; visibility=&#8221;hidden-sm&#8221;][mk_padding_divider size=&#8221;250&#8243; visibility=&#8221;visible-sm&#8221;][vc_row_inner][vc_column_inner][vc_column_text disable_pattern=&#8221;false&#8221; align=&#8221;center&#8221; animation=&#8221;fade-in&#8221; el_class=&#8221;txt-large&#8221; css=&#8221;.vc_custom_1762907761527{margin-bottom: 0px !important;}&#8221;]\n<h1>Le Private Room<\/h1>\n<p>Plus qu\u2019une salle de r\u00e9ception : une exp\u00e9rience.<br data-start=\"396\" data-end=\"399\" \/>L\u00e0 o\u00f9 les mariages deviennent souvenirs et les \u00e9v\u00e9nements, \u00e9motions.<br data-start=\"469\" data-end=\"472\" \/>Le PRIVATE ROOM Tremblant \u2014 un lieu iconique au c\u0153ur des Laurentides, o\u00f9 chic, ambiance et cr\u00e9ativit\u00e9 se rencontrent.[\/vc_column_text][\/vc_column_inner][\/vc_row_inner][\/vc_column][\/vc_row][vc_row fullwidth=&#8221;true&#8221; el_class=&#8221;overflow-visible&#8221;][vc_column][mk_padding_divider size=&#8221;250&#8243; visibility=&#8221;hidden-sm&#8221;][mk_padding_divider size=&#8221;100&#8243; visibility=&#8221;visible-sm&#8221;][vc_raw_html]JTNDZGl2JTIwY2xhc3MlM0QlMjJiYW5kZS12ZXJ0ZSUyMiUzRSUzQyUyRmRpdiUzRQ==[\/vc_raw_html][\/vc_column][\/vc_row][vc_row fullwidth=&#8221;true&#8221; fullwidth_content=&#8221;false&#8221; el_class=&#8221;overflow-visible row-padding&#8221; css=&#8221;.vc_custom_1675978330167{background-color: #faeddd !important;}&#8221;][vc_column el_class=&#8221;row-position-01&#8243;][mk_padding_divider size=&#8221;100&#8243;][vc_row_inner is_fullwidth_content=&#8221;false&#8221; el_class=&#8221;row-rectangle&#8221;][vc_column_inner][vc_raw_html]JTVCc3ZnX3JlY3RhbmdsZSU1RA==[\/vc_raw_html][\/vc_column_inner][\/vc_row_inner][vc_row_inner is_fullwidth_content=&#8221;false&#8221; el_class=&#8221;row-vert-pale row-trigger-content-right&#8221; el_id=&#8221;evenements&#8221;][vc_column_inner][vc_single_image image=&#8221;3011&#8243; img_size=&#8221;full&#8221; el_class=&#8221;img-radius img-left img-trigger-left&#8221;][vc_column_text disable_pattern=&#8221;false&#8221; el_class=&#8221;content-right-couleur&#8221; css=&#8221;.vc_custom_1691087201100{margin-bottom: 0px !important;}&#8221;]\n<h2 class=\"titre\">Un espace de r\u00e9ception d\u00e9di\u00e9 \u00e0 tous vos \u00e9v\u00e9nements<\/h2>\n<p>Que diriez-vous d\u2019organiser votre prochain \u00e9v\u00e9nement priv\u00e9 ou corporatif dans un lieu sans \u00e9gal et novateur? Le PR est une salle de r\u00e9ception grandiose capable d\u2019accueillir jusqu\u2019\u00e0 400 personnes, \u00e9labor\u00e9e dans une ancienne \u00e9glise situ\u00e9e \u00e0 La Conception, pr\u00e8s de Mont-Tremblant.<br \/>\n<a class=\"btn btn-position-right\" href=\"https:\/\/prtremblant.com\/en\/evenements\/\">En savoir plus<\/a>[\/vc_column_text][\/vc_column_inner][\/vc_row_inner][\/vc_column][\/vc_row][vc_row fullwidth=&#8221;true&#8221; css=&#8221;.vc_custom_1675979465847{background-color: #faeddd !important;}&#8221;][vc_column][mk_padding_divider size=&#8221;350&#8243;][\/vc_column][\/vc_row][vc_row fullwidth=&#8221;true&#8221; fullwidth_content=&#8221;false&#8221; el_class=&#8221;overflow-visible row-padding&#8221; css=&#8221;.vc_custom_1675978330167{background-color: #faeddd !important;}&#8221;][vc_column][mk_padding_divider size=&#8221;100&#8243; visibility=&#8221;hidden-sm&#8221;][mk_padding_divider size=&#8221;750&#8243; visibility=&#8221;visible-tl&#8221;][mk_padding_divider size=&#8221;300&#8243; visibility=&#8221;visible-sm&#8221;][vc_row_inner is_fullwidth_content=&#8221;false&#8221; el_class=&#8221;row-rectangle&#8221;][vc_column_inner][vc_raw_html]JTVCc3ZnX3JlY3RhbmdsZSU1RA==[\/vc_raw_html][\/vc_column_inner][\/vc_row_inner][vc_row_inner is_fullwidth_content=&#8221;false&#8221; el_class=&#8221;row-vert-pale row-content-left row-trigger-content-left&#8221; el_id=&#8221;mariage&#8221;][vc_column_inner][vc_single_image image=&#8221;3015&#8243; img_size=&#8221;large&#8221; alignment=&#8221;right&#8221; el_class=&#8221;img-radius img-right img-trigger-right&#8221;][vc_column_text disable_pattern=&#8221;false&#8221; el_class=&#8221;content-left-couleur&#8221; css=&#8221;.vc_custom_1678885148353{margin-bottom: 0px !important;}&#8221;]\n<h2 class=\"titre\">Le mariage de vos r\u00eaves ici<\/h2>\n<p>Profitez d\u2019un cadre exceptionnel pour c\u00e9l\u00e9brer votre mariage. Le PR vous propose un lieu d\u2019exception en plus de services complets, professionnels et cl\u00e9 en main.<br \/>\n<a class=\"btn btn-fleche-beige btn-position-left\" href=\"\/mariages\/\">En savoir plus<\/a>[\/vc_column_text][\/vc_column_inner][\/vc_row_inner][\/vc_column][\/vc_row][vc_row fullwidth=&#8221;true&#8221; fullwidth_content=&#8221;false&#8221; css=&#8221;.vc_custom_1675979296951{background-color: #faeddd !important;}&#8221;][vc_column][mk_padding_divider size=&#8221;350&#8243;][\/vc_column][\/vc_row][vc_row fullwidth=&#8221;true&#8221; fullwidth_content=&#8221;false&#8221; el_class=&#8221;overflow-visible row-padding&#8221; css=&#8221;.vc_custom_1675978330167{background-color: #faeddd !important;}&#8221;][vc_column][mk_padding_divider size=&#8221;100&#8243; visibility=&#8221;hidden-sm&#8221;][mk_padding_divider size=&#8221;750&#8243; visibility=&#8221;visible-tl&#8221;][mk_padding_divider size=&#8221;300&#8243; visibility=&#8221;visible-sm&#8221;][vc_row_inner is_fullwidth_content=&#8221;false&#8221; el_class=&#8221;row-rectangle&#8221;][vc_column_inner][vc_raw_html]JTVCc3ZnX3JlY3RhbmdsZSU1RA==[\/vc_raw_html][\/vc_column_inner][\/vc_row_inner][vc_row_inner is_fullwidth_content=&#8221;false&#8221; el_class=&#8221;row-vert-pale row-trigger-content-right&#8221; el_id=&#8221;informations&#8221;][vc_column_inner][vc_single_image image=&#8221;3027&#8243; img_size=&#8221;large&#8221; el_class=&#8221;img-radius img-left img-trigger-left&#8221;][vc_column_text disable_pattern=&#8221;false&#8221; el_class=&#8221;content-right-couleur&#8221; css=&#8221;.vc_custom_1736523184983{margin-bottom: 0px !important;}&#8221;]\n<h2 class=\"titre\">Informations<\/h2>\n<p>Le PR est un lieu remarquable rassemblant une vaste salle de r\u00e9ception principale, un espace ext\u00e9rieur couvert, un lounge, une mezzanine, un bar complet et plus encore.<br \/>\n<a class=\"btn btn-fleche-beige btn-position-right\" href=\"https:\/\/prtremblant.com\/en\/informations-techniques\/\">En savoir plus<\/a>[\/vc_column_text][\/vc_column_inner][\/vc_row_inner][\/vc_column][\/vc_row][vc_row fullwidth=&#8221;true&#8221; fullwidth_content=&#8221;false&#8221; css=&#8221;.vc_custom_1675979296951{background-color: #faeddd !important;}&#8221;][vc_column][mk_padding_divider size=&#8221;350&#8243;][\/vc_column][\/vc_row][vc_row fullwidth=&#8221;true&#8221; el_class=&#8221;overflow-visible&#8221;][vc_column][vc_raw_html]JTNDZGl2JTIwY2xhc3MlM0QlMjJiYW5kZS1iZWlnZSUyMiUzRSUzQyUyRmRpdiUzRQ==[\/vc_raw_html][\/vc_column][\/vc_row][vc_row fullwidth=&#8221;true&#8221; fullwidth_content=&#8221;false&#8221; el_class=&#8221;overflow-visible row-padding row-position-02&#8243;][vc_column el_class=&#8221;row-position&#8221;][mk_padding_divider size=&#8221;100&#8243; visibility=&#8221;hidden-sm&#8221;][mk_padding_divider size=&#8221;750&#8243; visibility=&#8221;visible-tl&#8221;][mk_padding_divider size=&#8221;300&#8243; visibility=&#8221;visible-sm&#8221;][vc_row_inner is_fullwidth_content=&#8221;false&#8221; el_class=&#8221;row-rectangle&#8221;][vc_column_inner][vc_raw_html]JTVCc3ZnX3JlY3RhbmdsZSU1RA==[\/vc_raw_html][\/vc_column_inner][\/vc_row_inner][vc_row_inner is_fullwidth_content=&#8221;false&#8221; el_class=&#8221;row-vert-pale row-content-left row-trigger-content-left&#8221;][vc_column_inner][vc_single_image image=&#8221;3018&#8243; img_size=&#8221;large&#8221; alignment=&#8221;right&#8221; el_class=&#8221;img-radius img-right img-trigger-right&#8221;][vc_column_text disable_pattern=&#8221;false&#8221; el_class=&#8221;content-left-couleur&#8221; css=&#8221;.vc_custom_1678885193057{margin-bottom: 0px !important;}&#8221;]\n<h2 class=\"titre\">Un service \u00e9v\u00e9nementiel cr\u00e9atif et cl\u00e9 en main<\/h2>\n<p>Le PR vous propose les services complets de NICKPROD pour la r\u00e9alisation de vos \u00e9v\u00e9nements priv\u00e9s ou corporatifs. Faites confiance \u00e0 une entreprise professionnelle d\u2019exp\u00e9rience qui rassemble des passionn\u00e9s de l\u2019\u00e9v\u00e9nementiel pour qui SKY IS THE LIMIT!<\/p>\n<p><a class=\"btn btn-fleche-beige btn-position-left\" href=\"https:\/\/nickprod.com\/\" target=\"_blank\" rel=\"noopener\">En savoir plus<\/a>[\/vc_column_text][\/vc_column_inner][\/vc_row_inner][\/vc_column][\/vc_row][vc_row][vc_column][mk_padding_divider size=&#8221;600&#8243; visibility=&#8221;visible-sm&#8221;][mk_padding_divider size=&#8221;200&#8243; visibility=&#8221;hidden-sm&#8221;][mk_padding_divider size=&#8221;800&#8243; visibility=&#8221;visible-tl&#8221;][vc_row_inner is_fullwidth_content=&#8221;false&#8221; el_id=&#8221;contact&#8221;][vc_column_inner][vc_column_text disable_pattern=&#8221;false&#8221; align=&#8221;center&#8221; el_class=&#8221;content-large-txt&#8221; css=&#8221;.vc_custom_1676669929141{margin-bottom: 0px !important;}&#8221;]\n<h2>Vous avez des questions?<br \/>\nContactez-nous!<\/h2>\n[\/vc_column_text][mk_padding_divider size=&#8221;50&#8243;]\n<div class=\"wpcf7 no-js\" id=\"wpcf7-f5-o1\" lang=\"fr-CA\" dir=\"ltr\" data-wpcf7-id=\"5\">\n<div class=\"screen-reader-response\"><p role=\"status\" aria-live=\"polite\" aria-atomic=\"true\"><\/p> <ul><\/ul><\/div>\n<form action=\"\/en\/wp-json\/wp\/v2\/pages\/476#wpcf7-f5-o1\" method=\"post\" class=\"wpcf7-form init\" aria-label=\"Contact form\" novalidate=\"novalidate\" data-status=\"init\">\n<fieldset class=\"hidden-fields-container\"><input type=\"hidden\" name=\"_wpcf7\" value=\"5\" \/><input type=\"hidden\" name=\"_wpcf7_version\" value=\"6.1.5\" \/><input type=\"hidden\" name=\"_wpcf7_locale\" value=\"fr_CA\" \/><input type=\"hidden\" name=\"_wpcf7_unit_tag\" value=\"wpcf7-f5-o1\" \/><input type=\"hidden\" name=\"_wpcf7_container_post\" value=\"0\" \/><input type=\"hidden\" name=\"_wpcf7_posted_data_hash\" value=\"\" \/><input type=\"hidden\" name=\"_wpcf7_recaptcha_response\" value=\"\" \/>\n<\/fieldset>\n<div class=\"wrap-formulaire\">\n\t<div class=\"row-form\">\n\t\t<div class=\"col-form\">\n\t\t\t<p><span class=\"wpcf7-form-control-wrap\" data-name=\"nom\"><input size=\"40\" maxlength=\"400\" class=\"wpcf7-form-control wpcf7-text wpcf7-validates-as-required\" aria-required=\"true\" aria-invalid=\"false\" placeholder=\"Nom\" value=\"\" type=\"text\" name=\"nom\" \/><\/span>\n\t\t\t<\/p>\n\t\t<\/div>\n\t\t<div class=\"col-form\">\n\t\t\t<p><span class=\"wpcf7-form-control-wrap\" data-name=\"prenom\"><input size=\"40\" maxlength=\"400\" class=\"wpcf7-form-control wpcf7-text wpcf7-validates-as-required\" aria-required=\"true\" aria-invalid=\"false\" placeholder=\"Pr\u00e9nom\" value=\"\" type=\"text\" name=\"prenom\" \/><\/span>\n\t\t\t<\/p>\n\t\t<\/div>\n\t<\/div>\n\t<div class=\"row-form\">\n\t\t<div class=\"col-form\">\n\t\t\t<p><span class=\"wpcf7-form-control-wrap\" data-name=\"courriel\"><input size=\"40\" maxlength=\"400\" class=\"wpcf7-form-control wpcf7-email wpcf7-validates-as-required wpcf7-text wpcf7-validates-as-email\" aria-required=\"true\" aria-invalid=\"false\" placeholder=\"Courriel\" value=\"\" type=\"email\" name=\"courriel\" \/><\/span>\n\t\t\t<\/p>\n\t\t<\/div>\n\t\t<div class=\"col-form\">\n\t\t\t<p><span class=\"wpcf7-form-control-wrap\" data-name=\"telephone\"><input size=\"40\" maxlength=\"400\" class=\"wpcf7-form-control wpcf7-text wpcf7-validates-as-required\" aria-required=\"true\" aria-invalid=\"false\" placeholder=\"T\u00e9l\u00e9phone\" value=\"\" type=\"text\" name=\"telephone\" \/><\/span>\n\t\t\t<\/p>\n\t\t<\/div>\n\t<\/div>\n\t<div class=\"row-form row-form-single-col\">\n\t\t<div class=\"col-form\">\n\t\t\t<p><span class=\"wpcf7-form-control-wrap\" data-name=\"your-message\"><textarea cols=\"40\" rows=\"10\" maxlength=\"2000\" class=\"wpcf7-form-control wpcf7-textarea\" aria-invalid=\"false\" placeholder=\"Message\" name=\"your-message\"><\/textarea><\/span>\n\t\t\t<\/p>\n\t\t<\/div>\n\t<\/div>\n\t<div class=\"row-form row-form-single-col\">\n\t\t<div class=\"col-form\">\n\t\t\t<p><input class=\"wpcf7-form-control wpcf7-submit has-spinner\" type=\"submit\" value=\"ENVOYER\" \/>\n\t\t\t<\/p>\n\t\t<\/div>\n\t<\/div>\n<\/div><div class=\"wpcf7-response-output\" aria-hidden=\"true\"><\/div>\n<\/form>\n<\/div>\n[\/vc_column_inner][\/vc_row_inner][\/vc_column][\/vc_row]\n<\/div>","protected":false},"excerpt":{"rendered":"<p>[vc_row fullwidth=&#8221;true&#8221; fullwidth_content=&#8221;false&#8221; el_class=&#8221;overflow-visible&#8221;][vc_column][vc_row_inner is_fullwidth_content=&#8221;false&#8221; el_class=&#8221;row-header-img&#8221;][vc_column_inner][vc_raw_html]JTVCaGVhZGVyX3RvcF9pbWclMjB1cmwlM0QlMjIlMkZ3cC1jb250ZW50JTJGdXBsb2FkcyUyRjIwMjYlMkYwMSUyRnByaXZhdGUtcm9vbS1ldmVuZW1lbnQtY29ycG8tbWFyaWFnZS1zYWxsZS1kZS1yZWNlcHRpb24tbGF1cmVudGlkZXMtdHJlbWJsYW50LnBuZyUyMiU1RCUwQSU1QnN2Z19yZWN0YW5nbGUlNUQ=[\/vc_raw_html][\/vc_column_inner][\/vc_row_inner][\/vc_column][\/vc_row][vc_row fullwidth=&#8221;true&#8221; fullwidth_content=&#8221;false&#8221;][vc_column][mk_padding_divider size=&#8221;325&#8243; visibility=&#8221;hidden-sm&#8221;][mk_padding_divider size=&#8221;250&#8243; visibility=&#8221;visible-sm&#8221;][vc_row_inner][vc_column_inner][vc_column_text disable_pattern=&#8221;false&#8221; align=&#8221;center&#8221; animation=&#8221;fade-in&#8221; el_class=&#8221;txt-large&#8221; css=&#8221;.vc_custom_1762907761527{margin-bottom: 0px !important;}&#8221;] Le Private Room Plus qu\u2019une salle de r\u00e9ception : une exp\u00e9rience.L\u00e0 o\u00f9 les mariages deviennent souvenirs et les \u00e9v\u00e9nements, \u00e9motions.Le PRIVATE ROOM Tremblant \u2014 un lieu iconique au c\u0153ur des Laurentides, o\u00f9 chic, ambiance et cr\u00e9ativit\u00e9 [&hellip;]<\/p>\n","protected":false},"author":1,"featured_media":0,"parent":0,"menu_order":0,"comment_status":"closed","ping_status":"closed","template":"","meta":{"_acf_changed":false,"footnotes":""},"class_list":["post-476","page","type-page","status-publish","hentry"],"acf":[],"yoast_head":"<!-- This site is optimized with the Yoast SEO plugin v27.4 - https:\/\/yoast.com\/product\/yoast-seo-wordpress\/ -->\n<title>Le Private Room Tremblant | Salle de r\u00e9ception | lieu d\u2019\u00e9v\u00e9nements<\/title>\n<meta name=\"description\" content=\"Salle de r\u00e9ception et lieu d\u2019\u00e9v\u00e9nements corporatifs et de mariages \u00e0 Mont-Tremblant, au c\u0153ur des Laurentides. Le Private Room offre un espace unique, cl\u00e9 en main, dans une ancienne \u00e9glise grandiose.\" \/>\n<meta name=\"robots\" content=\"index, follow, max-snippet:-1, max-image-preview:large, max-video-preview:-1\" \/>\n<link rel=\"canonical\" href=\"https:\/\/prtremblant.com\/en\/\" \/>\n<meta property=\"og:locale\" content=\"en_US\" \/>\n<meta property=\"og:type\" content=\"article\" \/>\n<meta property=\"og:title\" content=\"Le Private Room Tremblant | Salle de r\u00e9ception | lieu d\u2019\u00e9v\u00e9nements\" \/>\n<meta property=\"og:description\" content=\"Salle de r\u00e9ception et lieu d\u2019\u00e9v\u00e9nements corporatifs et de mariages \u00e0 Mont-Tremblant, au c\u0153ur des Laurentides. Le Private Room offre un espace unique, cl\u00e9 en main, dans une ancienne \u00e9glise grandiose.\" \/>\n<meta property=\"og:url\" content=\"https:\/\/prtremblant.com\/en\/\" \/>\n<meta property=\"og:site_name\" content=\"Le Private Room\" \/>\n<meta property=\"article:publisher\" content=\"https:\/\/www.facebook.com\/profile.php?id=100087433065276\" \/>\n<meta property=\"article:modified_time\" content=\"2026-01-14T20:18:29+00:00\" \/>\n<meta property=\"og:image\" content=\"https:\/\/prtremblant.com\/wp-content\/uploads\/2023\/04\/le-private-room-tremblant.jpg\" \/>\n\t<meta property=\"og:image:width\" content=\"1200\" \/>\n\t<meta property=\"og:image:height\" content=\"675\" \/>\n\t<meta property=\"og:image:type\" content=\"image\/jpeg\" \/>\n<meta name=\"twitter:card\" content=\"summary_large_image\" \/>\n<meta name=\"twitter:label1\" content=\"Est. reading time\" \/>\n\t<meta name=\"twitter:data1\" content=\"6 minutes\" \/>\n<script type=\"application\/ld+json\" class=\"yoast-schema-graph\">{\"@context\":\"https:\\\/\\\/schema.org\",\"@graph\":[{\"@type\":\"WebPage\",\"@id\":\"https:\\\/\\\/prtremblant.com\\\/en\\\/\",\"url\":\"https:\\\/\\\/prtremblant.com\\\/en\\\/\",\"name\":\"Le Private Room Tremblant | Salle de r\u00e9ception | lieu d\u2019\u00e9v\u00e9nements\",\"isPartOf\":{\"@id\":\"https:\\\/\\\/prtremblant.com\\\/#website\"},\"datePublished\":\"2023-02-08T15:53:53+00:00\",\"dateModified\":\"2026-01-14T20:18:29+00:00\",\"description\":\"Salle de r\u00e9ception et lieu d\u2019\u00e9v\u00e9nements corporatifs et de mariages \u00e0 Mont-Tremblant, au c\u0153ur des Laurentides. Le Private Room offre un espace unique, cl\u00e9 en main, dans une ancienne \u00e9glise grandiose.\",\"breadcrumb\":{\"@id\":\"https:\\\/\\\/prtremblant.com\\\/en\\\/#breadcrumb\"},\"inLanguage\":\"en-US\",\"potentialAction\":[{\"@type\":\"ReadAction\",\"target\":[\"https:\\\/\\\/prtremblant.com\\\/en\\\/\"]}]},{\"@type\":\"BreadcrumbList\",\"@id\":\"https:\\\/\\\/prtremblant.com\\\/en\\\/#breadcrumb\",\"itemListElement\":[{\"@type\":\"ListItem\",\"position\":1,\"name\":\"Accueil\",\"item\":\"https:\\\/\\\/prtremblant.com\\\/en\\\/\"},{\"@type\":\"ListItem\",\"position\":2,\"name\":\"Accueil\"}]},{\"@type\":\"WebSite\",\"@id\":\"https:\\\/\\\/prtremblant.com\\\/#website\",\"url\":\"https:\\\/\\\/prtremblant.com\\\/\",\"name\":\"Le Private Room\",\"description\":\"\",\"publisher\":{\"@id\":\"https:\\\/\\\/prtremblant.com\\\/#organization\"},\"potentialAction\":[{\"@type\":\"SearchAction\",\"target\":{\"@type\":\"EntryPoint\",\"urlTemplate\":\"https:\\\/\\\/prtremblant.com\\\/?s={search_term_string}\"},\"query-input\":{\"@type\":\"PropertyValueSpecification\",\"valueRequired\":true,\"valueName\":\"search_term_string\"}}],\"inLanguage\":\"en-US\"},{\"@type\":\"Organization\",\"@id\":\"https:\\\/\\\/prtremblant.com\\\/#organization\",\"name\":\"Le Private Room\",\"url\":\"https:\\\/\\\/prtremblant.com\\\/\",\"logo\":{\"@type\":\"ImageObject\",\"inLanguage\":\"en-US\",\"@id\":\"https:\\\/\\\/prtremblant.com\\\/#\\\/schema\\\/logo\\\/image\\\/\",\"url\":\"https:\\\/\\\/prtremblant.com\\\/wp-content\\\/uploads\\\/2023\\\/03\\\/logo-private-room-tremblant.jpg\",\"contentUrl\":\"https:\\\/\\\/prtremblant.com\\\/wp-content\\\/uploads\\\/2023\\\/03\\\/logo-private-room-tremblant.jpg\",\"width\":500,\"height\":500,\"caption\":\"Le Private Room\"},\"image\":{\"@id\":\"https:\\\/\\\/prtremblant.com\\\/#\\\/schema\\\/logo\\\/image\\\/\"},\"sameAs\":[\"https:\\\/\\\/www.facebook.com\\\/profile.php?id=100087433065276\",\"https:\\\/\\\/www.instagram.com\\\/le.private.room\\\/\"]}]}<\/script>\n<!-- \/ Yoast SEO plugin. -->","yoast_head_json":{"title":"Le Private Room Tremblant | Salle de r\u00e9ception | lieu d\u2019\u00e9v\u00e9nements","description":"Salle de r\u00e9ception et lieu d\u2019\u00e9v\u00e9nements corporatifs et de mariages \u00e0 Mont-Tremblant, au c\u0153ur des Laurentides. Le Private Room offre un espace unique, cl\u00e9 en main, dans une ancienne \u00e9glise grandiose.","robots":{"index":"index","follow":"follow","max-snippet":"max-snippet:-1","max-image-preview":"max-image-preview:large","max-video-preview":"max-video-preview:-1"},"canonical":"https:\/\/prtremblant.com\/en\/","og_locale":"en_US","og_type":"article","og_title":"Le Private Room Tremblant | Salle de r\u00e9ception | lieu d\u2019\u00e9v\u00e9nements","og_description":"Salle de r\u00e9ception et lieu d\u2019\u00e9v\u00e9nements corporatifs et de mariages \u00e0 Mont-Tremblant, au c\u0153ur des Laurentides. Le Private Room offre un espace unique, cl\u00e9 en main, dans une ancienne \u00e9glise grandiose.","og_url":"https:\/\/prtremblant.com\/en\/","og_site_name":"Le Private Room","article_publisher":"https:\/\/www.facebook.com\/profile.php?id=100087433065276","article_modified_time":"2026-01-14T20:18:29+00:00","og_image":[{"width":1200,"height":675,"url":"https:\/\/prtremblant.com\/wp-content\/uploads\/2023\/04\/le-private-room-tremblant.jpg","type":"image\/jpeg"}],"twitter_card":"summary_large_image","twitter_misc":{"Est. reading time":"6 minutes"},"schema":{"@context":"https:\/\/schema.org","@graph":[{"@type":"WebPage","@id":"https:\/\/prtremblant.com\/en\/","url":"https:\/\/prtremblant.com\/en\/","name":"Le Private Room Tremblant | Salle de r\u00e9ception | lieu d\u2019\u00e9v\u00e9nements","isPartOf":{"@id":"https:\/\/prtremblant.com\/#website"},"datePublished":"2023-02-08T15:53:53+00:00","dateModified":"2026-01-14T20:18:29+00:00","description":"Salle de r\u00e9ception et lieu d\u2019\u00e9v\u00e9nements corporatifs et de mariages \u00e0 Mont-Tremblant, au c\u0153ur des Laurentides. Le Private Room offre un espace unique, cl\u00e9 en main, dans une ancienne \u00e9glise grandiose.","breadcrumb":{"@id":"https:\/\/prtremblant.com\/en\/#breadcrumb"},"inLanguage":"en-US","potentialAction":[{"@type":"ReadAction","target":["https:\/\/prtremblant.com\/en\/"]}]},{"@type":"BreadcrumbList","@id":"https:\/\/prtremblant.com\/en\/#breadcrumb","itemListElement":[{"@type":"ListItem","position":1,"name":"Accueil","item":"https:\/\/prtremblant.com\/en\/"},{"@type":"ListItem","position":2,"name":"Accueil"}]},{"@type":"WebSite","@id":"https:\/\/prtremblant.com\/#website","url":"https:\/\/prtremblant.com\/","name":"Le Private Room","description":"","publisher":{"@id":"https:\/\/prtremblant.com\/#organization"},"potentialAction":[{"@type":"SearchAction","target":{"@type":"EntryPoint","urlTemplate":"https:\/\/prtremblant.com\/?s={search_term_string}"},"query-input":{"@type":"PropertyValueSpecification","valueRequired":true,"valueName":"search_term_string"}}],"inLanguage":"en-US"},{"@type":"Organization","@id":"https:\/\/prtremblant.com\/#organization","name":"Le Private Room","url":"https:\/\/prtremblant.com\/","logo":{"@type":"ImageObject","inLanguage":"en-US","@id":"https:\/\/prtremblant.com\/#\/schema\/logo\/image\/","url":"https:\/\/prtremblant.com\/wp-content\/uploads\/2023\/03\/logo-private-room-tremblant.jpg","contentUrl":"https:\/\/prtremblant.com\/wp-content\/uploads\/2023\/03\/logo-private-room-tremblant.jpg","width":500,"height":500,"caption":"Le Private Room"},"image":{"@id":"https:\/\/prtremblant.com\/#\/schema\/logo\/image\/"},"sameAs":["https:\/\/www.facebook.com\/profile.php?id=100087433065276","https:\/\/www.instagram.com\/le.private.room\/"]}]}},"_links":{"self":[{"href":"https:\/\/prtremblant.com\/en\/wp-json\/wp\/v2\/pages\/476","targetHints":{"allow":["GET"]}}],"collection":[{"href":"https:\/\/prtremblant.com\/en\/wp-json\/wp\/v2\/pages"}],"about":[{"href":"https:\/\/prtremblant.com\/en\/wp-json\/wp\/v2\/types\/page"}],"author":[{"embeddable":true,"href":"https:\/\/prtremblant.com\/en\/wp-json\/wp\/v2\/users\/1"}],"replies":[{"embeddable":true,"href":"https:\/\/prtremblant.com\/en\/wp-json\/wp\/v2\/comments?post=476"}],"version-history":[{"count":8,"href":"https:\/\/prtremblant.com\/en\/wp-json\/wp\/v2\/pages\/476\/revisions"}],"predecessor-version":[{"id":6054,"href":"https:\/\/prtremblant.com\/en\/wp-json\/wp\/v2\/pages\/476\/revisions\/6054"}],"wp:attachment":[{"href":"https:\/\/prtremblant.com\/en\/wp-json\/wp\/v2\/media?parent=476"}],"curies":[{"name":"wp","href":"https:\/\/api.w.org\/{rel}","templated":true}]}}