{"id":482,"date":"2023-02-28T17:20:30","date_gmt":"2023-02-28T22:20:30","guid":{"rendered":"https:\/\/prtremblant.com\/events\/"},"modified":"2025-11-06T13:14:32","modified_gmt":"2025-11-06T18:14:32","slug":"evenements","status":"publish","type":"page","link":"https:\/\/prtremblant.com\/en\/evenements\/","title":{"rendered":"\u00c9v\u00e9nements"},"content":{"rendered":"<div class=\"wpb-content-wrapper\">[vc_row fullwidth=&#8221;true&#8221; fullwidth_content=&#8221;false&#8221; el_class=&#8221;row-padding-02 row-remove-padding-mobile overflow-visible&#8221;][vc_column][mk_padding_divider size=&#8221;25&#8243; visibility=&#8221;visible-sm&#8221;][mk_padding_divider size=&#8221;75&#8243; visibility=&#8221;hidden-sm&#8221;][vc_row_inner el_class=&#8221;row-rectangle&#8221;][vc_column_inner][vc_raw_html]JTVCc3ZnX3JlY3RhbmdsZSUyMGNsYXNzJTNEJTIycmVjdGFuZ2xlLWJvdHRvbSUyMHJlY3RhbmdsZS1ib3R0b20tbW9iaWxlJTIyJTVE[\/vc_raw_html][\/vc_column_inner][\/vc_row_inner][vc_row_inner is_fullwidth_content=&#8221;false&#8221;][vc_column_inner][vc_single_image image=&#8221;383&#8243; img_size=&#8221;full&#8221; css_animation=&#8221;left-to-right&#8221; el_class=&#8221;img-radius img-left-01 img-position-mobile-01&#8243;][mk_padding_divider size=&#8221;75&#8243; visibility=&#8221;visible-sm&#8221;][vc_column_text disable_pattern=&#8221;false&#8221; animation=&#8221;fade-in&#8221; el_class=&#8221;wrap-content-right-img txt-large&#8221; css=&#8221;.vc_custom_1691087250251{margin-bottom: 0px !important;}&#8221;]\n<h1 class=\"titre titre-left align-right\">\u00c9v\u00e9nements priv\u00e9s et corporatifs<\/h1>\n<div class=\"content-right\">\n<p>Le PR s\u2019impose comme un lieu de pr\u00e9dilection pour r\u00e9aliser vos \u00e9v\u00e9nements priv\u00e9s et corporatifs dans un cadre original et grandiose, \u00e0 La Conception, tout pr\u00e8s de Mont-Tremblant. Capable d\u2019accueillir jusqu&#8217;\u00e0 400 personnes, cette ancienne \u00e9glise a \u00e9t\u00e9 convertie en espace \u00e9v\u00e9nementiel pens\u00e9 et con\u00e7u pour accueillir :<\/p>\n<\/div>\n[\/vc_column_text][\/vc_column_inner][\/vc_row_inner][\/vc_column][\/vc_row][vc_row fullwidth=&#8221;true&#8221; fullwidth_content=&#8221;false&#8221; el_class=&#8221;row-padding-02 trigger-img-moving&#8221;][vc_column][mk_padding_divider size=&#8221;25&#8243; visibility=&#8221;visible-sm&#8221;][mk_padding_divider size=&#8221;275&#8243; visibility=&#8221;hidden-sm&#8221;][vc_row_inner is_fullwidth_content=&#8221;false&#8221;][vc_column_inner][vc_column_text disable_pattern=&#8221;false&#8221; css=&#8221;.vc_custom_1678225086050{margin-bottom: 0px !important;}&#8221;]\n<div class=\"quote\">\n<ul class=\"quote-liste\">\n<li>les partys de No\u00ebl<\/li>\n<li>les rencontres de team building<\/li>\n<li>les conf\u00e9rences<\/li>\n<li>les \u00e9v\u00e9nements de presse et les lancements<\/li>\n<li>les c\u00e9l\u00e9brations de vie (mariage, bapt\u00eame, fun\u00e9railles, etc.)<\/li>\n<\/ul>\n<\/div>\n[\/vc_column_text][vc_single_image image=&#8221;429&#8243; img_size=&#8221;full&#8221; el_class=&#8221;anim-img-moving img-moving-01 img-radius&#8221;][vc_single_image image=&#8221;265&#8243; img_size=&#8221;full&#8221; alignment=&#8221;right&#8221; el_class=&#8221;anim-img-moving img-moving-02 img-radius&#8221;][vc_single_image image=&#8221;269&#8243; img_size=&#8221;full&#8221; el_class=&#8221;anim-img-moving img-moving-03 img-radius&#8221;][vc_single_image image=&#8221;267&#8243; img_size=&#8221;full&#8221; alignment=&#8221;right&#8221; el_class=&#8221;anim-img-moving img-moving-04 img-radius&#8221;][\/vc_column_inner][\/vc_row_inner][mk_padding_divider size=&#8221;225&#8243; visibility=&#8221;hidden-sm&#8221;][\/vc_column][\/vc_row][vc_row fullwidth=&#8221;true&#8221; fullwidth_content=&#8221;false&#8221; css=&#8221;.vc_custom_1677524349742{background-color: #faeddd !important;}&#8221; el_class=&#8221;row-padding-02&#8243;][vc_column][mk_padding_divider size=&#8221;50&#8243; visibility=&#8221;visible-sm&#8221;][mk_padding_divider size=&#8221;125&#8243; visibility=&#8221;hidden-sm&#8221;][vc_row_inner is_fullwidth_content=&#8221;false&#8221; el_class=&#8221;row-trigger-content&#8221;][vc_column_inner][vc_column_text disable_pattern=&#8221;false&#8221; animation=&#8221;fade-in&#8221; el_class=&#8221;txt-large txt-vert&#8221; css=&#8221;.vc_custom_1678891524943{margin-bottom: 0px !important;}&#8221;]\n<h2 class=\"titre titre-vert\">Des prestations \u00e0 la carte pour tous vos \u00e9v\u00e9nements<\/h2>\n<p>En plus de son vaste espace de r\u00e9ception, le PR vous propose une gamme de services pens\u00e9s pour vous permettre de profiter pleinement de vos \u00e9v\u00e9nements priv\u00e9 et corporatif. Notre personnel qualifi\u00e9 et d\u2019exp\u00e9rience comprend vos besoins vari\u00e9s et est disponible pour r\u00e9pondre \u00e0 vos attentes.[\/vc_column_text][mk_padding_divider size=&#8221;100&#8243;][mk_padding_divider size=&#8221;150&#8243; visibility=&#8221;visible-tl&#8221;][\/vc_column_inner][\/vc_row_inner][vc_row_inner el_class=&#8221;row-rectangle&#8221;][vc_column_inner][vc_raw_html]JTVCc3ZnX3JlY3RhbmdsZSUyMGNsYXNzJTNEJTIycmVjdGFuZ2xlLXRvcC1yaWdodCUyMiU1RA==[\/vc_raw_html][\/vc_column_inner][\/vc_row_inner][vc_row_inner is_fullwidth_content=&#8221;false&#8221; el_class=&#8221;row-trigger-arche&#8221;][vc_column_inner][vc_column_text disable_pattern=&#8221;false&#8221; el_class=&#8221;arche-verte&#8221; css=&#8221;.vc_custom_1677623057050{margin-bottom: 0px !important;}&#8221;]\n<h3 class=\"titre-arche\">Nos services complets d\u2019organisation d\u2019\u00e9v\u00e9nements corporatifs et priv\u00e9s<\/h3>\n<ul class=\"liste\">\n<li>&#8211; Accompagnement personnalis\u00e9<\/li>\n<li>&#8211; D\u00e9cor et mobilier<\/li>\n<li>&#8211; Location de mat\u00e9riel<\/li>\n<li>&#8211; Musiciens et DJ<\/li>\n<li>&#8211; Service de chef traiteur<\/li>\n<li>&#8211; \u00c9quipe de service et de cuisine<\/li>\n<li>&#8211; Photographe<\/li>\n<li>&#8211; Chauffeur priv\u00e9<\/li>\n<li>&#8211; Et plus encore.<\/li>\n<\/ul>\n[\/vc_column_text][vc_single_image image=&#8221;426&#8243; img_size=&#8221;full&#8221; el_class=&#8221;img-right-03 img-arche-right img-radius trigger-img-arche-right&#8221;][\/vc_column_inner][\/vc_row_inner][mk_padding_divider size=&#8221;100&#8243; visibility=&#8221;visible-sm&#8221;][mk_padding_divider size=&#8221;200&#8243; visibility=&#8221;hidden-sm&#8221;][mk_padding_divider size=&#8221;100&#8243; visibility=&#8221;visible-dt&#8221;][vc_row_inner][vc_column_inner width=&#8221;1\/2&#8243;][vc_column_text disable_pattern=&#8221;false&#8221; align=&#8221;center&#8221; css=&#8221;.vc_custom_1678820423878{margin-bottom: 0px !important;}&#8221;]<a class=\"btn btn-fleche-verte\" href=\"https:\/\/nickprod.com\/\" target=\"_blank\" rel=\"noopener\">Pour en savoir plus<br \/>\nsur nos services<\/a>[\/vc_column_text][\/vc_column_inner][vc_column_inner width=&#8221;1\/2&#8243;][\/vc_column_inner][\/vc_row_inner][mk_padding_divider size=&#8221;100&#8243;][vc_row_inner][vc_column_inner][mk_padding_divider size=&#8221;300&#8243; visibility=&#8221;hidden-sm&#8221;][\/vc_column_inner][\/vc_row_inner][\/vc_column][\/vc_row][vc_row fullwidth=&#8221;true&#8221; fullwidth_content=&#8221;false&#8221; css=&#8221;.vc_custom_1677622571340{background-color: #3b504a !important;}&#8221; el_class=&#8221;row-padding-02&#8243;][vc_column][mk_padding_divider][vc_row_inner is_fullwidth_content=&#8221;false&#8221;][vc_column_inner width=&#8221;1\/2&#8243;][vc_column_text disable_pattern=&#8221;false&#8221; el_class=&#8221;center-mobile&#8221; css=&#8221;.vc_custom_1678805431299{margin-bottom: 0px !important;}&#8221;]\n<h3>Informations<br \/>\ntechniques<\/h3>\n[\/vc_column_text][\/vc_column_inner][vc_column_inner width=&#8221;1\/2&#8243;][mk_padding_divider size=&#8221;25&#8243;][vc_column_text disable_pattern=&#8221;false&#8221; align=&#8221;center&#8221; el_class=&#8221;center-mobile&#8221; css=&#8221;.vc_custom_1680629620604{margin-bottom: 0px !important;}&#8221;]<a class=\"btn btn-fleche-beige\" href=\"https:\/\/prtremblant.com\/en\/informations-techniques\/\">Consultez les plans<\/a>[\/vc_column_text][\/vc_column_inner][\/vc_row_inner][mk_padding_divider][\/vc_column][\/vc_row][vc_row][vc_column][mk_padding_divider size=&#8221;100&#8243; visibility=&#8221;visible-sm&#8221;][mk_padding_divider size=&#8221;200&#8243; visibility=&#8221;hidden-sm&#8221;][mk_padding_divider size=&#8221;200&#8243; visibility=&#8221;visible-tl&#8221;][vc_row_inner is_fullwidth_content=&#8221;false&#8221; el_id=&#8221;contact&#8221;][vc_column_inner][vc_column_text disable_pattern=&#8221;false&#8221; align=&#8221;center&#8221; el_class=&#8221;content-large-txt&#8221; css=&#8221;.vc_custom_1676669929141{margin-bottom: 0px !important;}&#8221;]\n<h2>Vous avez des questions?<br \/>\nContactez-nous!<\/h2>\n[\/vc_column_text][mk_padding_divider size=&#8221;50&#8243;]\n<div class=\"wpcf7 no-js\" id=\"wpcf7-f5-o1\" lang=\"fr-CA\" dir=\"ltr\" data-wpcf7-id=\"5\">\n<div class=\"screen-reader-response\"><p role=\"status\" aria-live=\"polite\" aria-atomic=\"true\"><\/p> <ul><\/ul><\/div>\n<form action=\"\/en\/wp-json\/wp\/v2\/pages\/482#wpcf7-f5-o1\" method=\"post\" class=\"wpcf7-form init\" aria-label=\"Contact form\" novalidate=\"novalidate\" data-status=\"init\">\n<fieldset class=\"hidden-fields-container\"><input type=\"hidden\" name=\"_wpcf7\" value=\"5\" \/><input type=\"hidden\" name=\"_wpcf7_version\" value=\"6.1.5\" \/><input type=\"hidden\" name=\"_wpcf7_locale\" value=\"fr_CA\" \/><input type=\"hidden\" name=\"_wpcf7_unit_tag\" value=\"wpcf7-f5-o1\" \/><input type=\"hidden\" name=\"_wpcf7_container_post\" value=\"0\" \/><input type=\"hidden\" name=\"_wpcf7_posted_data_hash\" value=\"\" \/><input type=\"hidden\" name=\"_wpcf7_recaptcha_response\" value=\"\" \/>\n<\/fieldset>\n<div class=\"wrap-formulaire\">\n\t<div class=\"row-form\">\n\t\t<div class=\"col-form\">\n\t\t\t<p><span class=\"wpcf7-form-control-wrap\" data-name=\"nom\"><input size=\"40\" maxlength=\"400\" class=\"wpcf7-form-control wpcf7-text wpcf7-validates-as-required\" aria-required=\"true\" aria-invalid=\"false\" placeholder=\"Nom\" value=\"\" type=\"text\" name=\"nom\" \/><\/span>\n\t\t\t<\/p>\n\t\t<\/div>\n\t\t<div class=\"col-form\">\n\t\t\t<p><span class=\"wpcf7-form-control-wrap\" data-name=\"prenom\"><input size=\"40\" maxlength=\"400\" class=\"wpcf7-form-control wpcf7-text wpcf7-validates-as-required\" aria-required=\"true\" aria-invalid=\"false\" placeholder=\"Pr\u00e9nom\" value=\"\" type=\"text\" name=\"prenom\" \/><\/span>\n\t\t\t<\/p>\n\t\t<\/div>\n\t<\/div>\n\t<div class=\"row-form\">\n\t\t<div class=\"col-form\">\n\t\t\t<p><span class=\"wpcf7-form-control-wrap\" data-name=\"courriel\"><input size=\"40\" maxlength=\"400\" class=\"wpcf7-form-control wpcf7-email wpcf7-validates-as-required wpcf7-text wpcf7-validates-as-email\" aria-required=\"true\" aria-invalid=\"false\" placeholder=\"Courriel\" value=\"\" type=\"email\" name=\"courriel\" \/><\/span>\n\t\t\t<\/p>\n\t\t<\/div>\n\t\t<div class=\"col-form\">\n\t\t\t<p><span class=\"wpcf7-form-control-wrap\" data-name=\"telephone\"><input size=\"40\" maxlength=\"400\" class=\"wpcf7-form-control wpcf7-text wpcf7-validates-as-required\" aria-required=\"true\" aria-invalid=\"false\" placeholder=\"T\u00e9l\u00e9phone\" value=\"\" type=\"text\" name=\"telephone\" \/><\/span>\n\t\t\t<\/p>\n\t\t<\/div>\n\t<\/div>\n\t<div class=\"row-form row-form-single-col\">\n\t\t<div class=\"col-form\">\n\t\t\t<p><span class=\"wpcf7-form-control-wrap\" data-name=\"your-message\"><textarea cols=\"40\" rows=\"10\" maxlength=\"2000\" class=\"wpcf7-form-control wpcf7-textarea\" aria-invalid=\"false\" placeholder=\"Message\" name=\"your-message\"><\/textarea><\/span>\n\t\t\t<\/p>\n\t\t<\/div>\n\t<\/div>\n\t<div class=\"row-form row-form-single-col\">\n\t\t<div class=\"col-form\">\n\t\t\t<p><input class=\"wpcf7-form-control wpcf7-submit has-spinner\" type=\"submit\" value=\"ENVOYER\" \/>\n\t\t\t<\/p>\n\t\t<\/div>\n\t<\/div>\n<\/div><div class=\"wpcf7-response-output\" aria-hidden=\"true\"><\/div>\n<\/form>\n<\/div>\n[\/vc_column_inner][\/vc_row_inner][\/vc_column][\/vc_row]\n<\/div>","protected":false},"excerpt":{"rendered":"<p>[vc_row fullwidth=&#8221;true&#8221; fullwidth_content=&#8221;false&#8221; el_class=&#8221;row-padding-02 row-remove-padding-mobile overflow-visible&#8221;][vc_column][mk_padding_divider size=&#8221;25&#8243; visibility=&#8221;visible-sm&#8221;][mk_padding_divider size=&#8221;75&#8243; visibility=&#8221;hidden-sm&#8221;][vc_row_inner el_class=&#8221;row-rectangle&#8221;][vc_column_inner][vc_raw_html]JTVCc3ZnX3JlY3RhbmdsZSUyMGNsYXNzJTNEJTIycmVjdGFuZ2xlLWJvdHRvbSUyMHJlY3RhbmdsZS1ib3R0b20tbW9iaWxlJTIyJTVE[\/vc_raw_html][\/vc_column_inner][\/vc_row_inner][vc_row_inner is_fullwidth_content=&#8221;false&#8221;][vc_column_inner][vc_single_image image=&#8221;383&#8243; img_size=&#8221;full&#8221; css_animation=&#8221;left-to-right&#8221; el_class=&#8221;img-radius img-left-01 img-position-mobile-01&#8243;][mk_padding_divider size=&#8221;75&#8243; visibility=&#8221;visible-sm&#8221;][vc_column_text disable_pattern=&#8221;false&#8221; animation=&#8221;fade-in&#8221; el_class=&#8221;wrap-content-right-img txt-large&#8221; css=&#8221;.vc_custom_1691087250251{margin-bottom: 0px !important;}&#8221;] \u00c9v\u00e9nements priv\u00e9s et corporatifs Le PR s\u2019impose comme un lieu de pr\u00e9dilection pour r\u00e9aliser vos \u00e9v\u00e9nements priv\u00e9s et corporatifs dans un cadre original et grandiose, \u00e0 La Conception, [&hellip;]<\/p>\n","protected":false},"author":1,"featured_media":0,"parent":0,"menu_order":0,"comment_status":"closed","ping_status":"closed","template":"","meta":{"_acf_changed":false,"footnotes":""},"class_list":["post-482","page","type-page","status-publish","hentry"],"acf":[],"yoast_head":"<!-- This site is optimized with the Yoast SEO plugin v27.4 - https:\/\/yoast.com\/product\/yoast-seo-wordpress\/ -->\n<title>Private Room | Events<\/title>\n<meta name=\"description\" content=\"The PR offers an exceptional location for your private and corporate events in an original and spectacular setting, in Mont-Tremblant.\" \/>\n<meta name=\"robots\" content=\"index, follow, max-snippet:-1, max-image-preview:large, max-video-preview:-1\" \/>\n<link rel=\"canonical\" href=\"https:\/\/prtremblant.com\/en\/evenements\/\" \/>\n<meta property=\"og:locale\" content=\"en_US\" \/>\n<meta property=\"og:type\" content=\"article\" \/>\n<meta property=\"og:title\" content=\"Private Room | Events\" \/>\n<meta property=\"og:description\" content=\"The PR offers an exceptional location for your private and corporate events in an original and spectacular setting, in Mont-Tremblant.\" \/>\n<meta property=\"og:url\" content=\"https:\/\/prtremblant.com\/en\/evenements\/\" \/>\n<meta property=\"og:site_name\" content=\"Le Private Room\" \/>\n<meta property=\"article:publisher\" content=\"https:\/\/www.facebook.com\/profile.php?id=100087433065276\" \/>\n<meta property=\"article:modified_time\" content=\"2025-11-06T18:14:32+00:00\" \/>\n<meta property=\"og:image\" content=\"https:\/\/prtremblant.com\/wp-content\/uploads\/2023\/04\/le-private-room-tremblant.jpg\" \/>\n\t<meta property=\"og:image:width\" content=\"1200\" \/>\n\t<meta property=\"og:image:height\" content=\"675\" \/>\n\t<meta property=\"og:image:type\" content=\"image\/jpeg\" \/>\n<meta name=\"twitter:card\" content=\"summary_large_image\" \/>\n<meta name=\"twitter:label1\" content=\"Est. reading time\" \/>\n\t<meta name=\"twitter:data1\" content=\"2 minutes\" \/>\n<script type=\"application\/ld+json\" class=\"yoast-schema-graph\">{\"@context\":\"https:\\\/\\\/schema.org\",\"@graph\":[{\"@type\":\"WebPage\",\"@id\":\"https:\\\/\\\/prtremblant.com\\\/en\\\/evenements\\\/\",\"url\":\"https:\\\/\\\/prtremblant.com\\\/en\\\/evenements\\\/\",\"name\":\"Private Room | Events\",\"isPartOf\":{\"@id\":\"https:\\\/\\\/prtremblant.com\\\/#website\"},\"datePublished\":\"2023-02-28T22:20:30+00:00\",\"dateModified\":\"2025-11-06T18:14:32+00:00\",\"description\":\"The PR offers an exceptional location for your private and corporate events in an original and spectacular setting, in Mont-Tremblant.\",\"breadcrumb\":{\"@id\":\"https:\\\/\\\/prtremblant.com\\\/en\\\/evenements\\\/#breadcrumb\"},\"inLanguage\":\"en-US\",\"potentialAction\":[{\"@type\":\"ReadAction\",\"target\":[\"https:\\\/\\\/prtremblant.com\\\/en\\\/evenements\\\/\"]}]},{\"@type\":\"BreadcrumbList\",\"@id\":\"https:\\\/\\\/prtremblant.com\\\/en\\\/evenements\\\/#breadcrumb\",\"itemListElement\":[{\"@type\":\"ListItem\",\"position\":1,\"name\":\"Accueil\",\"item\":\"https:\\\/\\\/prtremblant.com\\\/en\\\/\"},{\"@type\":\"ListItem\",\"position\":2,\"name\":\"\u00c9v\u00e9nements\"}]},{\"@type\":\"WebSite\",\"@id\":\"https:\\\/\\\/prtremblant.com\\\/#website\",\"url\":\"https:\\\/\\\/prtremblant.com\\\/\",\"name\":\"Le Private Room\",\"description\":\"\",\"publisher\":{\"@id\":\"https:\\\/\\\/prtremblant.com\\\/#organization\"},\"potentialAction\":[{\"@type\":\"SearchAction\",\"target\":{\"@type\":\"EntryPoint\",\"urlTemplate\":\"https:\\\/\\\/prtremblant.com\\\/?s={search_term_string}\"},\"query-input\":{\"@type\":\"PropertyValueSpecification\",\"valueRequired\":true,\"valueName\":\"search_term_string\"}}],\"inLanguage\":\"en-US\"},{\"@type\":\"Organization\",\"@id\":\"https:\\\/\\\/prtremblant.com\\\/#organization\",\"name\":\"Le Private Room\",\"url\":\"https:\\\/\\\/prtremblant.com\\\/\",\"logo\":{\"@type\":\"ImageObject\",\"inLanguage\":\"en-US\",\"@id\":\"https:\\\/\\\/prtremblant.com\\\/#\\\/schema\\\/logo\\\/image\\\/\",\"url\":\"https:\\\/\\\/prtremblant.com\\\/wp-content\\\/uploads\\\/2023\\\/03\\\/logo-private-room-tremblant.jpg\",\"contentUrl\":\"https:\\\/\\\/prtremblant.com\\\/wp-content\\\/uploads\\\/2023\\\/03\\\/logo-private-room-tremblant.jpg\",\"width\":500,\"height\":500,\"caption\":\"Le Private Room\"},\"image\":{\"@id\":\"https:\\\/\\\/prtremblant.com\\\/#\\\/schema\\\/logo\\\/image\\\/\"},\"sameAs\":[\"https:\\\/\\\/www.facebook.com\\\/profile.php?id=100087433065276\",\"https:\\\/\\\/www.instagram.com\\\/le.private.room\\\/\"]}]}<\/script>\n<!-- \/ Yoast SEO plugin. -->","yoast_head_json":{"title":"Private Room | Events","description":"The PR offers an exceptional location for your private and corporate events in an original and spectacular setting, in Mont-Tremblant.","robots":{"index":"index","follow":"follow","max-snippet":"max-snippet:-1","max-image-preview":"max-image-preview:large","max-video-preview":"max-video-preview:-1"},"canonical":"https:\/\/prtremblant.com\/en\/evenements\/","og_locale":"en_US","og_type":"article","og_title":"Private Room | Events","og_description":"The PR offers an exceptional location for your private and corporate events in an original and spectacular setting, in Mont-Tremblant.","og_url":"https:\/\/prtremblant.com\/en\/evenements\/","og_site_name":"Le Private Room","article_publisher":"https:\/\/www.facebook.com\/profile.php?id=100087433065276","article_modified_time":"2025-11-06T18:14:32+00:00","og_image":[{"width":1200,"height":675,"url":"https:\/\/prtremblant.com\/wp-content\/uploads\/2023\/04\/le-private-room-tremblant.jpg","type":"image\/jpeg"}],"twitter_card":"summary_large_image","twitter_misc":{"Est. reading time":"2 minutes"},"schema":{"@context":"https:\/\/schema.org","@graph":[{"@type":"WebPage","@id":"https:\/\/prtremblant.com\/en\/evenements\/","url":"https:\/\/prtremblant.com\/en\/evenements\/","name":"Private Room | Events","isPartOf":{"@id":"https:\/\/prtremblant.com\/#website"},"datePublished":"2023-02-28T22:20:30+00:00","dateModified":"2025-11-06T18:14:32+00:00","description":"The PR offers an exceptional location for your private and corporate events in an original and spectacular setting, in Mont-Tremblant.","breadcrumb":{"@id":"https:\/\/prtremblant.com\/en\/evenements\/#breadcrumb"},"inLanguage":"en-US","potentialAction":[{"@type":"ReadAction","target":["https:\/\/prtremblant.com\/en\/evenements\/"]}]},{"@type":"BreadcrumbList","@id":"https:\/\/prtremblant.com\/en\/evenements\/#breadcrumb","itemListElement":[{"@type":"ListItem","position":1,"name":"Accueil","item":"https:\/\/prtremblant.com\/en\/"},{"@type":"ListItem","position":2,"name":"\u00c9v\u00e9nements"}]},{"@type":"WebSite","@id":"https:\/\/prtremblant.com\/#website","url":"https:\/\/prtremblant.com\/","name":"Le Private Room","description":"","publisher":{"@id":"https:\/\/prtremblant.com\/#organization"},"potentialAction":[{"@type":"SearchAction","target":{"@type":"EntryPoint","urlTemplate":"https:\/\/prtremblant.com\/?s={search_term_string}"},"query-input":{"@type":"PropertyValueSpecification","valueRequired":true,"valueName":"search_term_string"}}],"inLanguage":"en-US"},{"@type":"Organization","@id":"https:\/\/prtremblant.com\/#organization","name":"Le Private Room","url":"https:\/\/prtremblant.com\/","logo":{"@type":"ImageObject","inLanguage":"en-US","@id":"https:\/\/prtremblant.com\/#\/schema\/logo\/image\/","url":"https:\/\/prtremblant.com\/wp-content\/uploads\/2023\/03\/logo-private-room-tremblant.jpg","contentUrl":"https:\/\/prtremblant.com\/wp-content\/uploads\/2023\/03\/logo-private-room-tremblant.jpg","width":500,"height":500,"caption":"Le Private Room"},"image":{"@id":"https:\/\/prtremblant.com\/#\/schema\/logo\/image\/"},"sameAs":["https:\/\/www.facebook.com\/profile.php?id=100087433065276","https:\/\/www.instagram.com\/le.private.room\/"]}]}},"_links":{"self":[{"href":"https:\/\/prtremblant.com\/en\/wp-json\/wp\/v2\/pages\/482","targetHints":{"allow":["GET"]}}],"collection":[{"href":"https:\/\/prtremblant.com\/en\/wp-json\/wp\/v2\/pages"}],"about":[{"href":"https:\/\/prtremblant.com\/en\/wp-json\/wp\/v2\/types\/page"}],"author":[{"embeddable":true,"href":"https:\/\/prtremblant.com\/en\/wp-json\/wp\/v2\/users\/1"}],"replies":[{"embeddable":true,"href":"https:\/\/prtremblant.com\/en\/wp-json\/wp\/v2\/comments?post=482"}],"version-history":[{"count":6,"href":"https:\/\/prtremblant.com\/en\/wp-json\/wp\/v2\/pages\/482\/revisions"}],"predecessor-version":[{"id":5674,"href":"https:\/\/prtremblant.com\/en\/wp-json\/wp\/v2\/pages\/482\/revisions\/5674"}],"wp:attachment":[{"href":"https:\/\/prtremblant.com\/en\/wp-json\/wp\/v2\/media?parent=482"}],"curies":[{"name":"wp","href":"https:\/\/api.w.org\/{rel}","templated":true}]}}