{"id":492,"date":"2023-02-23T10:27:28","date_gmt":"2023-02-23T15:27:28","guid":{"rendered":"https:\/\/prtremblant.com\/weddings\/"},"modified":"2026-03-03T10:44:17","modified_gmt":"2026-03-03T15:44:17","slug":"salle-mariage-laurentides","status":"publish","type":"page","link":"https:\/\/prtremblant.com\/en\/salle-mariage-laurentides\/","title":{"rendered":"Mariages"},"content":{"rendered":"<div class=\"wpb-content-wrapper\">[vc_row fullwidth=&#8221;true&#8221; fullwidth_content=&#8221;false&#8221; el_class=&#8221;row-padding-02 row-remove-padding-mobile overflow-visible&#8221;][vc_column][vc_raw_html]JTNDZGl2JTIwc3R5bGUlM0QlMjIlMEFwb3NpdGlvbiUzQSUyMHJlbGF0aXZlJTNCJTBBd2lkdGglM0ElMjAxMDB2dyUzQiUwQWxlZnQlM0ElMjA1MCUyNSUzQiUwQXJpZ2h0JTNBJTIwNTAlMjUlM0IlMEFtYXJnaW4tbGVmdCUzQSUyMC01MHZ3JTNCJTBBbWFyZ2luLXJpZ2h0JTNBJTIwLTUwdnclM0IlMEFvdmVyZmxvdyUzQSUyMGhpZGRlbiUzQiUwQSUyMiUzRSUwQSUwQSUzQ3ZpZGVvJTIwYXV0b3BsYXklMjBtdXRlZCUyMGxvb3AlMjBwbGF5c2lubGluZSUwQXN0eWxlJTNEJTIyJTBBd2lkdGglM0ExMDAlMjUlM0IlMEFoZWlnaHQlM0FhdXRvJTNCJTBBZGlzcGxheSUzQWJsb2NrJTNCJTBBb2JqZWN0LWZpdCUzQWNvdmVyJTNCJTBBJTIyJTNFJTBBJTNDc291cmNlJTIwc3JjJTNEJTIyaHR0cHMlM0ElMkYlMkZwcnRyZW1ibGFudC5jb20lMkZ3cC1jb250ZW50JTJGdXBsb2FkcyUyRjIwMjYlMkYwMiUyRndlYi1wYWdlLW1hcmlhZ2UubXA0JTIyJTIwdHlwZSUzRCUyMnZpZGVvJTJGbXA0JTIyJTNFJTBBJTNDJTJGdmlkZW8lM0UlMEElMEElM0MlMkZkaXYlM0UlMEE=[\/vc_raw_html][mk_padding_divider size=&#8221;25&#8243; visibility=&#8221;visible-sm&#8221;][mk_padding_divider size=&#8221;75&#8243; visibility=&#8221;hidden-sm&#8221;][vc_row_inner is_fullwidth_content=&#8221;false&#8221;][vc_column_inner][vc_single_image image=&#8221;432&#8243; img_size=&#8221;full&#8221; alignment=&#8221;right&#8221; css_animation=&#8221;right-to-left&#8221; el_class=&#8221;img-right-02 img-radius&#8221;][vc_column_text disable_pattern=&#8221;false&#8221; animation=&#8221;fade-in&#8221; el_class=&#8221;wrap-content-left-img txt-large&#8221; css=&#8221;.vc_custom_1747876993278{margin-bottom: 0px !important;}&#8221;]\n<h2 class=\"titre titre-left\">Un lieu iconique pour une Wedding Day mythique<\/h2>\n<p>&nbsp;<\/p>\n<div class=\"content-left\">\n<h3>Vous recherchez un lieu remarquable pour c\u00e9l\u00e9brer votre mariage?<\/h3>\n<p>&nbsp;<\/p>\n<p>Le Private Room, c\u2019est un espace unique au c\u0153ur des Laurentides, o\u00f9 l\u2019architecture d\u2019une ancienne \u00e9glise rencontre une vibe moderne. Un lieu signature pour un moment qui fait sensation.<\/p>\n<p>&nbsp;<\/p>\n<p>Vivez votre journ\u00e9e enti\u00e8re au m\u00eame endroit:<\/p>\n<p>\u2014 c\u00e9r\u00e9monie, cocktail et r\u00e9ception.<\/p>\n<p>Z\u00e9ro beige. Z\u00e9ro clich\u00e9. 100 % vous.<\/p>\n<\/div>\n[\/vc_column_text][\/vc_column_inner][\/vc_row_inner][vc_row_inner el_class=&#8221;row-rectangle&#8221;][vc_column_inner][vc_raw_html]JTVCc3ZnX3JlY3RhbmdsZSUyMGNsYXNzJTNEJTIycmVjdGFuZ2xlLWxlZnQlMjIlNUQ=[\/vc_raw_html][\/vc_column_inner][\/vc_row_inner][\/vc_column][\/vc_row][vc_row fullwidth=&#8221;true&#8221; fullwidth_content=&#8221;false&#8221; el_class=&#8221;row-padding-02 overflow-visible&#8221;][vc_column][mk_padding_divider size=&#8221;225&#8243; visibility=&#8221;visible-sm&#8221;][mk_padding_divider size=&#8221;225&#8243; visibility=&#8221;visible-tl&#8221;][mk_padding_divider size=&#8221;175&#8243; visibility=&#8221;hidden-sm&#8221;][vc_row_inner el_class=&#8221;row-rectangle&#8221;][vc_column_inner][vc_raw_html]JTVCc3ZnX3JlY3RhbmdsZSUyMGNsYXNzJTNEJTIycmVjdGFuZ2xlLXRvcC1sZWZ0JTIyJTVE[\/vc_raw_html][\/vc_column_inner][\/vc_row_inner][vc_row_inner is_fullwidth_content=&#8221;false&#8221;][vc_column_inner][vc_single_image image=&#8221;4091&#8243; img_size=&#8221;large&#8221; css_animation=&#8221;slideInLeft&#8221; el_class=&#8221;img-left-01 img-radius&#8221;][vc_column_text disable_pattern=&#8221;false&#8221; animation=&#8221;bottom-to-top&#8221; el_class=&#8221;wrap-content-right-img txt-large&#8221; css=&#8221;.vc_custom_1747876351843{margin-bottom: 0px !important;}&#8221;]\n<div class=\"content-right\">\n<p>Le PR vous ouvre les portes dans une ambiance chic et audacieuse. Chaque d\u00e9tail est pens\u00e9 pour offrir une exp\u00e9rience singuli\u00e8re dans un cadre parfait pour une journ\u00e9e marquante.<\/p>\n<p>Tout est en place pour vivre un moment inoubliable :<br \/>\n-Bar complet &amp; Mixologue<br \/>\n-Lounge<br \/>\n-Espace VIP au jub\u00e9<br \/>\n-Loge priv\u00e9e pour les mari\u00e9s<br \/>\n-Chef Traiteur<\/p>\n<p>Notre espace c\u00f4t\u00e9 jardin a \u00e9t\u00e9 con\u00e7u pour accueillir votre c\u00e9r\u00e9monie &amp; cocktail dans un cadre unique. Vous ferez ensuite votre entr\u00e9e dans la salle principale pour la r\u00e9ception &amp; le party.<\/p>\n<\/div>\n[\/vc_column_text][\/vc_column_inner][\/vc_row_inner][\/vc_column][\/vc_row][vc_row fullwidth=&#8221;true&#8221; el_class=&#8221;overflow-visible&#8221;][vc_column][vc_raw_html]JTNDZGl2JTIwY2xhc3MlM0QlMjJiYW5kZS1iZWlnZSUyMGJhbmRlLXBvc2l0aW9uLTAxJTIyJTNFJTNDJTJGZGl2JTNF[\/vc_raw_html][\/vc_column][\/vc_row][vc_row fullwidth=&#8221;true&#8221; fullwidth_content=&#8221;false&#8221; css=&#8221;.vc_custom_1677524349742{background-color: #faeddd !important;}&#8221; el_class=&#8221;row-padding-02&#8243;][vc_column][mk_padding_divider size=&#8221;50&#8243; visibility=&#8221;visible-sm&#8221;][mk_padding_divider size=&#8221;125&#8243; visibility=&#8221;hidden-sm&#8221;][vc_row_inner is_fullwidth_content=&#8221;false&#8221;][vc_column_inner][vc_column_text disable_pattern=&#8221;false&#8221; animation=&#8221;fade-in&#8221; el_class=&#8221;txt-large txt-vert&#8221; css=&#8221;.vc_custom_1747879017971{margin-bottom: 0px !important;}&#8221;]\n<h2 class=\"titre titre-vert\">Des prestations sur mesure pour un mariage d\u2019exception<\/h2>\n<p>Au-del\u00e0 de son espace grandiose, le PR offre des services sur mesure pour que vous puissiez vivre chaque moment \u00e0 fond.<\/p>\n<p>&nbsp;<\/p>\n<p>Notre \u00e9quipe d\u2019exp\u00e9rience est l\u00e0 pour cr\u00e9er votre Wedding Day qui vous ressemble<br \/>\n\u2014 sans stress, juste du vrai. Easy peasy ![\/vc_column_text][mk_padding_divider size=&#8221;100&#8243;][\/vc_column_inner][\/vc_row_inner][vc_row_inner el_class=&#8221;row-rectangle&#8221;][vc_column_inner][vc_raw_html]JTVCc3ZnX3JlY3RhbmdsZSUyMGNsYXNzJTNEJTIycmVjdGFuZ2xlLXRvcC1yaWdodCUyMiU1RA==[\/vc_raw_html][\/vc_column_inner][\/vc_row_inner][vc_row_inner is_fullwidth_content=&#8221;false&#8221; el_class=&#8221;row-trigger-arche&#8221;][vc_column_inner][vc_column_text disable_pattern=&#8221;false&#8221; el_class=&#8221;arche-verte&#8221; css=&#8221;.vc_custom_1678460303399{margin-bottom: 0px !important;}&#8221;]\n<h3 class=\"titre-arche\">Nos services complets d\u2019organisation de mariage<\/h3>\n<ul class=\"liste\">\n<li>&#8211; Accompagnement personnalis\u00e9<\/li>\n<li>&#8211; D\u00e9cor et mobilier<\/li>\n<li>&#8211; Location de mat\u00e9riel<\/li>\n<li>&#8211; Musiciens et DJ<\/li>\n<li>&#8211; Service de chef traiteur<\/li>\n<li>&#8211; \u00c9quipe de service et de cuisine<\/li>\n<li>&#8211; Photographe<\/li>\n<li>&#8211; Chauffeur priv\u00e9<\/li>\n<li>&#8211; Et plus encore.<\/li>\n<\/ul>\n[\/vc_column_text][vc_single_image image=&#8221;4100&#8243; img_size=&#8221;large&#8221; el_class=&#8221;img-right-03 img-arche-right img-radius trigger-img-arche-right&#8221;][\/vc_column_inner][\/vc_row_inner][mk_padding_divider size=&#8221;100&#8243; visibility=&#8221;hidden-dt&#8221;][mk_padding_divider size=&#8221;150&#8243; visibility=&#8221;visible-dt&#8221;][vc_row_inner][vc_column_inner width=&#8221;1\/2&#8243;][vc_column_text disable_pattern=&#8221;false&#8221; align=&#8221;center&#8221; css=&#8221;.vc_custom_1678820210179{margin-bottom: 0px !important;}&#8221;]<a class=\"btn btn-fleche-verte\" href=\"https:\/\/nickprod.com\/\" target=\"_blank\" rel=\"noopener\">Pour en savoir plus<br \/>\nsur nos services<\/a>[\/vc_column_text][\/vc_column_inner][vc_column_inner width=&#8221;1\/2&#8243;][\/vc_column_inner][\/vc_row_inner][mk_padding_divider size=&#8221;100&#8243;][vc_row_inner][vc_column_inner][mk_padding_divider size=&#8221;300&#8243; visibility=&#8221;hidden-sm&#8221;][\/vc_column_inner][\/vc_row_inner][\/vc_column][\/vc_row][vc_row fullwidth=&#8221;true&#8221; fullwidth_content=&#8221;false&#8221; css=&#8221;.vc_custom_1677622571340{background-color: #3b504a !important;}&#8221; el_class=&#8221;row-padding-02&#8243;][vc_column][mk_padding_divider][vc_row_inner is_fullwidth_content=&#8221;false&#8221;][vc_column_inner width=&#8221;1\/2&#8243;][vc_column_text disable_pattern=&#8221;false&#8221; el_class=&#8221;center-mobile&#8221; css=&#8221;.vc_custom_1678820782679{margin-bottom: 0px !important;}&#8221;]\n<h3>Informations<br \/>\ntechniques<\/h3>\n[\/vc_column_text][\/vc_column_inner][vc_column_inner width=&#8221;1\/2&#8243;][mk_padding_divider size=&#8221;25&#8243;][vc_column_text disable_pattern=&#8221;false&#8221; align=&#8221;center&#8221; el_class=&#8221;center-mobile&#8221; css=&#8221;.vc_custom_1680629595804{margin-bottom: 0px !important;}&#8221;]<a class=\"btn btn-fleche-beige\" href=\"https:\/\/prtremblant.com\/en\/informations-techniques\/\">Consultez les plans<\/a>[\/vc_column_text][\/vc_column_inner][\/vc_row_inner][mk_padding_divider][\/vc_column][\/vc_row][vc_row][vc_column][mk_padding_divider size=&#8221;200&#8243; visibility=&#8221;visible-sm&#8221;][mk_padding_divider size=&#8221;200&#8243; visibility=&#8221;hidden-sm&#8221;][mk_padding_divider size=&#8221;200&#8243; visibility=&#8221;visible-tl&#8221;][vc_row_inner is_fullwidth_content=&#8221;false&#8221; el_id=&#8221;contact&#8221;][vc_column_inner][vc_column_text disable_pattern=&#8221;false&#8221; align=&#8221;center&#8221; el_class=&#8221;content-large-txt&#8221; css=&#8221;.vc_custom_1676669929141{margin-bottom: 0px !important;}&#8221;]\n<h2>Vous avez des questions?<br \/>\nContactez-nous!<\/h2>\n[\/vc_column_text][mk_padding_divider size=&#8221;50&#8243;]\n<div class=\"wpcf7 no-js\" id=\"wpcf7-f5-o1\" lang=\"fr-CA\" dir=\"ltr\" data-wpcf7-id=\"5\">\n<div class=\"screen-reader-response\"><p role=\"status\" aria-live=\"polite\" aria-atomic=\"true\"><\/p> <ul><\/ul><\/div>\n<form action=\"\/en\/wp-json\/wp\/v2\/pages\/492#wpcf7-f5-o1\" method=\"post\" class=\"wpcf7-form init\" aria-label=\"Contact form\" novalidate=\"novalidate\" data-status=\"init\">\n<fieldset class=\"hidden-fields-container\"><input type=\"hidden\" name=\"_wpcf7\" value=\"5\" \/><input type=\"hidden\" name=\"_wpcf7_version\" value=\"6.1.5\" \/><input type=\"hidden\" name=\"_wpcf7_locale\" value=\"fr_CA\" \/><input type=\"hidden\" name=\"_wpcf7_unit_tag\" value=\"wpcf7-f5-o1\" \/><input type=\"hidden\" name=\"_wpcf7_container_post\" value=\"0\" \/><input type=\"hidden\" name=\"_wpcf7_posted_data_hash\" value=\"\" \/><input type=\"hidden\" name=\"_wpcf7_recaptcha_response\" value=\"\" \/>\n<\/fieldset>\n<div class=\"wrap-formulaire\">\n\t<div class=\"row-form\">\n\t\t<div class=\"col-form\">\n\t\t\t<p><span class=\"wpcf7-form-control-wrap\" data-name=\"nom\"><input size=\"40\" maxlength=\"400\" class=\"wpcf7-form-control wpcf7-text wpcf7-validates-as-required\" aria-required=\"true\" aria-invalid=\"false\" placeholder=\"Nom\" value=\"\" type=\"text\" name=\"nom\" \/><\/span>\n\t\t\t<\/p>\n\t\t<\/div>\n\t\t<div class=\"col-form\">\n\t\t\t<p><span class=\"wpcf7-form-control-wrap\" data-name=\"prenom\"><input size=\"40\" maxlength=\"400\" class=\"wpcf7-form-control wpcf7-text wpcf7-validates-as-required\" aria-required=\"true\" aria-invalid=\"false\" placeholder=\"Pr\u00e9nom\" value=\"\" type=\"text\" name=\"prenom\" \/><\/span>\n\t\t\t<\/p>\n\t\t<\/div>\n\t<\/div>\n\t<div class=\"row-form\">\n\t\t<div class=\"col-form\">\n\t\t\t<p><span class=\"wpcf7-form-control-wrap\" data-name=\"courriel\"><input size=\"40\" maxlength=\"400\" class=\"wpcf7-form-control wpcf7-email wpcf7-validates-as-required wpcf7-text wpcf7-validates-as-email\" aria-required=\"true\" aria-invalid=\"false\" placeholder=\"Courriel\" value=\"\" type=\"email\" name=\"courriel\" \/><\/span>\n\t\t\t<\/p>\n\t\t<\/div>\n\t\t<div class=\"col-form\">\n\t\t\t<p><span class=\"wpcf7-form-control-wrap\" data-name=\"telephone\"><input size=\"40\" maxlength=\"400\" class=\"wpcf7-form-control wpcf7-text wpcf7-validates-as-required\" aria-required=\"true\" aria-invalid=\"false\" placeholder=\"T\u00e9l\u00e9phone\" value=\"\" type=\"text\" name=\"telephone\" \/><\/span>\n\t\t\t<\/p>\n\t\t<\/div>\n\t<\/div>\n\t<div class=\"row-form row-form-single-col\">\n\t\t<div class=\"col-form\">\n\t\t\t<p><span class=\"wpcf7-form-control-wrap\" data-name=\"your-message\"><textarea cols=\"40\" rows=\"10\" maxlength=\"2000\" class=\"wpcf7-form-control wpcf7-textarea\" aria-invalid=\"false\" placeholder=\"Message\" name=\"your-message\"><\/textarea><\/span>\n\t\t\t<\/p>\n\t\t<\/div>\n\t<\/div>\n\t<div class=\"row-form row-form-single-col\">\n\t\t<div class=\"col-form\">\n\t\t\t<p><input class=\"wpcf7-form-control wpcf7-submit has-spinner\" type=\"submit\" value=\"ENVOYER\" \/>\n\t\t\t<\/p>\n\t\t<\/div>\n\t<\/div>\n<\/div><div class=\"wpcf7-response-output\" aria-hidden=\"true\"><\/div>\n<\/form>\n<\/div>\n[\/vc_column_inner][\/vc_row_inner][\/vc_column][\/vc_row][vc_row][vc_column][mk_banner_builder][\/vc_column][\/vc_row]\n<\/div>","protected":false},"excerpt":{"rendered":"<p>[vc_row fullwidth=&#8221;true&#8221; fullwidth_content=&#8221;false&#8221; el_class=&#8221;row-padding-02 row-remove-padding-mobile overflow-visible&#8221;][vc_column][vc_raw_html]JTNDZGl2JTIwc3R5bGUlM0QlMjIlMEFwb3NpdGlvbiUzQSUyMHJlbGF0aXZlJTNCJTBBd2lkdGglM0ElMjAxMDB2dyUzQiUwQWxlZnQlM0ElMjA1MCUyNSUzQiUwQXJpZ2h0JTNBJTIwNTAlMjUlM0IlMEFtYXJnaW4tbGVmdCUzQSUyMC01MHZ3JTNCJTBBbWFyZ2luLXJpZ2h0JTNBJTIwLTUwdnclM0IlMEFvdmVyZmxvdyUzQSUyMGhpZGRlbiUzQiUwQSUyMiUzRSUwQSUwQSUzQ3ZpZGVvJTIwYXV0b3BsYXklMjBtdXRlZCUyMGxvb3AlMjBwbGF5c2lubGluZSUwQXN0eWxlJTNEJTIyJTBBd2lkdGglM0ExMDAlMjUlM0IlMEFoZWlnaHQlM0FhdXRvJTNCJTBBZGlzcGxheSUzQWJsb2NrJTNCJTBBb2JqZWN0LWZpdCUzQWNvdmVyJTNCJTBBJTIyJTNFJTBBJTNDc291cmNlJTIwc3JjJTNEJTIyaHR0cHMlM0ElMkYlMkZwcnRyZW1ibGFudC5jb20lMkZ3cC1jb250ZW50JTJGdXBsb2FkcyUyRjIwMjYlMkYwMiUyRndlYi1wYWdlLW1hcmlhZ2UubXA0JTIyJTIwdHlwZSUzRCUyMnZpZGVvJTJGbXA0JTIyJTNFJTBBJTNDJTJGdmlkZW8lM0UlMEElMEElM0MlMkZkaXYlM0UlMEE=[\/vc_raw_html][mk_padding_divider size=&#8221;25&#8243; visibility=&#8221;visible-sm&#8221;][mk_padding_divider size=&#8221;75&#8243; visibility=&#8221;hidden-sm&#8221;][vc_row_inner is_fullwidth_content=&#8221;false&#8221;][vc_column_inner][vc_single_image image=&#8221;432&#8243; img_size=&#8221;full&#8221; alignment=&#8221;right&#8221; css_animation=&#8221;right-to-left&#8221; el_class=&#8221;img-right-02 img-radius&#8221;][vc_column_text disable_pattern=&#8221;false&#8221; animation=&#8221;fade-in&#8221; el_class=&#8221;wrap-content-left-img txt-large&#8221; css=&#8221;.vc_custom_1747876993278{margin-bottom: 0px !important;}&#8221;] Un lieu iconique pour une Wedding Day mythique &nbsp; Vous recherchez un lieu remarquable pour c\u00e9l\u00e9brer votre mariage? &nbsp; Le Private Room, c\u2019est un espace unique au c\u0153ur des Laurentides, o\u00f9 [&hellip;]<\/p>\n","protected":false},"author":1,"featured_media":0,"parent":0,"menu_order":0,"comment_status":"closed","ping_status":"closed","template":"","meta":{"_acf_changed":false,"footnotes":""},"class_list":["post-492","page","type-page","status-publish","hentry"],"acf":[],"yoast_head":"<!-- This site is optimized with the Yoast SEO plugin v27.4 - https:\/\/yoast.com\/product\/yoast-seo-wordpress\/ -->\n<title>Private Room Tremblant | Mariages<\/title>\n<meta name=\"description\" content=\"Le PR vous propose un lieu exceptionnel pour votre r\u00e9ception de mariage, au c\u0153ur de la nature laurentienne, \u00e0 Mont-Tremblant.\" \/>\n<meta name=\"robots\" content=\"index, follow, max-snippet:-1, max-image-preview:large, max-video-preview:-1\" \/>\n<link rel=\"canonical\" href=\"https:\/\/prtremblant.com\/en\/salle-mariage-laurentides\/\" \/>\n<meta property=\"og:locale\" content=\"en_US\" \/>\n<meta property=\"og:type\" content=\"article\" \/>\n<meta property=\"og:title\" content=\"Private Room Tremblant | Mariages\" \/>\n<meta property=\"og:description\" content=\"Le PR vous propose un lieu exceptionnel pour votre r\u00e9ception de mariage, au c\u0153ur de la nature laurentienne, \u00e0 Mont-Tremblant.\" \/>\n<meta property=\"og:url\" content=\"https:\/\/prtremblant.com\/en\/salle-mariage-laurentides\/\" \/>\n<meta property=\"og:site_name\" content=\"Le Private Room\" \/>\n<meta property=\"article:publisher\" content=\"https:\/\/www.facebook.com\/profile.php?id=100087433065276\" \/>\n<meta property=\"article:modified_time\" content=\"2026-03-03T15:44:17+00:00\" \/>\n<meta property=\"og:image\" content=\"https:\/\/prtremblant.com\/wp-content\/uploads\/2023\/04\/le-private-room-tremblant.jpg\" \/>\n\t<meta property=\"og:image:width\" content=\"1200\" \/>\n\t<meta property=\"og:image:height\" content=\"675\" \/>\n\t<meta property=\"og:image:type\" content=\"image\/jpeg\" \/>\n<meta name=\"twitter:card\" content=\"summary_large_image\" \/>\n<meta name=\"twitter:label1\" content=\"Est. reading time\" \/>\n\t<meta name=\"twitter:data1\" content=\"4 minutes\" \/>\n<script type=\"application\/ld+json\" class=\"yoast-schema-graph\">{\"@context\":\"https:\\\/\\\/schema.org\",\"@graph\":[{\"@type\":\"WebPage\",\"@id\":\"https:\\\/\\\/prtremblant.com\\\/en\\\/salle-mariage-laurentides\\\/\",\"url\":\"https:\\\/\\\/prtremblant.com\\\/en\\\/salle-mariage-laurentides\\\/\",\"name\":\"Private Room Tremblant | Mariages\",\"isPartOf\":{\"@id\":\"https:\\\/\\\/prtremblant.com\\\/#website\"},\"datePublished\":\"2023-02-23T15:27:28+00:00\",\"dateModified\":\"2026-03-03T15:44:17+00:00\",\"description\":\"Le PR vous propose un lieu exceptionnel pour votre r\u00e9ception de mariage, au c\u0153ur de la nature laurentienne, \u00e0 Mont-Tremblant.\",\"breadcrumb\":{\"@id\":\"https:\\\/\\\/prtremblant.com\\\/en\\\/salle-mariage-laurentides\\\/#breadcrumb\"},\"inLanguage\":\"en-US\",\"potentialAction\":[{\"@type\":\"ReadAction\",\"target\":[\"https:\\\/\\\/prtremblant.com\\\/en\\\/salle-mariage-laurentides\\\/\"]}]},{\"@type\":\"BreadcrumbList\",\"@id\":\"https:\\\/\\\/prtremblant.com\\\/en\\\/salle-mariage-laurentides\\\/#breadcrumb\",\"itemListElement\":[{\"@type\":\"ListItem\",\"position\":1,\"name\":\"Accueil\",\"item\":\"https:\\\/\\\/prtremblant.com\\\/en\\\/\"},{\"@type\":\"ListItem\",\"position\":2,\"name\":\"Mariage Tremblant\"}]},{\"@type\":\"WebSite\",\"@id\":\"https:\\\/\\\/prtremblant.com\\\/#website\",\"url\":\"https:\\\/\\\/prtremblant.com\\\/\",\"name\":\"Le Private Room\",\"description\":\"\",\"publisher\":{\"@id\":\"https:\\\/\\\/prtremblant.com\\\/#organization\"},\"potentialAction\":[{\"@type\":\"SearchAction\",\"target\":{\"@type\":\"EntryPoint\",\"urlTemplate\":\"https:\\\/\\\/prtremblant.com\\\/?s={search_term_string}\"},\"query-input\":{\"@type\":\"PropertyValueSpecification\",\"valueRequired\":true,\"valueName\":\"search_term_string\"}}],\"inLanguage\":\"en-US\"},{\"@type\":\"Organization\",\"@id\":\"https:\\\/\\\/prtremblant.com\\\/#organization\",\"name\":\"Le Private Room\",\"url\":\"https:\\\/\\\/prtremblant.com\\\/\",\"logo\":{\"@type\":\"ImageObject\",\"inLanguage\":\"en-US\",\"@id\":\"https:\\\/\\\/prtremblant.com\\\/#\\\/schema\\\/logo\\\/image\\\/\",\"url\":\"https:\\\/\\\/prtremblant.com\\\/wp-content\\\/uploads\\\/2023\\\/03\\\/logo-private-room-tremblant.jpg\",\"contentUrl\":\"https:\\\/\\\/prtremblant.com\\\/wp-content\\\/uploads\\\/2023\\\/03\\\/logo-private-room-tremblant.jpg\",\"width\":500,\"height\":500,\"caption\":\"Le Private Room\"},\"image\":{\"@id\":\"https:\\\/\\\/prtremblant.com\\\/#\\\/schema\\\/logo\\\/image\\\/\"},\"sameAs\":[\"https:\\\/\\\/www.facebook.com\\\/profile.php?id=100087433065276\",\"https:\\\/\\\/www.instagram.com\\\/le.private.room\\\/\"]}]}<\/script>\n<!-- \/ Yoast SEO plugin. -->","yoast_head_json":{"title":"Private Room Tremblant | Mariages","description":"Le PR vous propose un lieu exceptionnel pour votre r\u00e9ception de mariage, au c\u0153ur de la nature laurentienne, \u00e0 Mont-Tremblant.","robots":{"index":"index","follow":"follow","max-snippet":"max-snippet:-1","max-image-preview":"max-image-preview:large","max-video-preview":"max-video-preview:-1"},"canonical":"https:\/\/prtremblant.com\/en\/salle-mariage-laurentides\/","og_locale":"en_US","og_type":"article","og_title":"Private Room Tremblant | Mariages","og_description":"Le PR vous propose un lieu exceptionnel pour votre r\u00e9ception de mariage, au c\u0153ur de la nature laurentienne, \u00e0 Mont-Tremblant.","og_url":"https:\/\/prtremblant.com\/en\/salle-mariage-laurentides\/","og_site_name":"Le Private Room","article_publisher":"https:\/\/www.facebook.com\/profile.php?id=100087433065276","article_modified_time":"2026-03-03T15:44:17+00:00","og_image":[{"width":1200,"height":675,"url":"https:\/\/prtremblant.com\/wp-content\/uploads\/2023\/04\/le-private-room-tremblant.jpg","type":"image\/jpeg"}],"twitter_card":"summary_large_image","twitter_misc":{"Est. reading time":"4 minutes"},"schema":{"@context":"https:\/\/schema.org","@graph":[{"@type":"WebPage","@id":"https:\/\/prtremblant.com\/en\/salle-mariage-laurentides\/","url":"https:\/\/prtremblant.com\/en\/salle-mariage-laurentides\/","name":"Private Room Tremblant | Mariages","isPartOf":{"@id":"https:\/\/prtremblant.com\/#website"},"datePublished":"2023-02-23T15:27:28+00:00","dateModified":"2026-03-03T15:44:17+00:00","description":"Le PR vous propose un lieu exceptionnel pour votre r\u00e9ception de mariage, au c\u0153ur de la nature laurentienne, \u00e0 Mont-Tremblant.","breadcrumb":{"@id":"https:\/\/prtremblant.com\/en\/salle-mariage-laurentides\/#breadcrumb"},"inLanguage":"en-US","potentialAction":[{"@type":"ReadAction","target":["https:\/\/prtremblant.com\/en\/salle-mariage-laurentides\/"]}]},{"@type":"BreadcrumbList","@id":"https:\/\/prtremblant.com\/en\/salle-mariage-laurentides\/#breadcrumb","itemListElement":[{"@type":"ListItem","position":1,"name":"Accueil","item":"https:\/\/prtremblant.com\/en\/"},{"@type":"ListItem","position":2,"name":"Mariage Tremblant"}]},{"@type":"WebSite","@id":"https:\/\/prtremblant.com\/#website","url":"https:\/\/prtremblant.com\/","name":"Le Private Room","description":"","publisher":{"@id":"https:\/\/prtremblant.com\/#organization"},"potentialAction":[{"@type":"SearchAction","target":{"@type":"EntryPoint","urlTemplate":"https:\/\/prtremblant.com\/?s={search_term_string}"},"query-input":{"@type":"PropertyValueSpecification","valueRequired":true,"valueName":"search_term_string"}}],"inLanguage":"en-US"},{"@type":"Organization","@id":"https:\/\/prtremblant.com\/#organization","name":"Le Private Room","url":"https:\/\/prtremblant.com\/","logo":{"@type":"ImageObject","inLanguage":"en-US","@id":"https:\/\/prtremblant.com\/#\/schema\/logo\/image\/","url":"https:\/\/prtremblant.com\/wp-content\/uploads\/2023\/03\/logo-private-room-tremblant.jpg","contentUrl":"https:\/\/prtremblant.com\/wp-content\/uploads\/2023\/03\/logo-private-room-tremblant.jpg","width":500,"height":500,"caption":"Le Private Room"},"image":{"@id":"https:\/\/prtremblant.com\/#\/schema\/logo\/image\/"},"sameAs":["https:\/\/www.facebook.com\/profile.php?id=100087433065276","https:\/\/www.instagram.com\/le.private.room\/"]}]}},"_links":{"self":[{"href":"https:\/\/prtremblant.com\/en\/wp-json\/wp\/v2\/pages\/492","targetHints":{"allow":["GET"]}}],"collection":[{"href":"https:\/\/prtremblant.com\/en\/wp-json\/wp\/v2\/pages"}],"about":[{"href":"https:\/\/prtremblant.com\/en\/wp-json\/wp\/v2\/types\/page"}],"author":[{"embeddable":true,"href":"https:\/\/prtremblant.com\/en\/wp-json\/wp\/v2\/users\/1"}],"replies":[{"embeddable":true,"href":"https:\/\/prtremblant.com\/en\/wp-json\/wp\/v2\/comments?post=492"}],"version-history":[{"count":7,"href":"https:\/\/prtremblant.com\/en\/wp-json\/wp\/v2\/pages\/492\/revisions"}],"predecessor-version":[{"id":6282,"href":"https:\/\/prtremblant.com\/en\/wp-json\/wp\/v2\/pages\/492\/revisions\/6282"}],"wp:attachment":[{"href":"https:\/\/prtremblant.com\/en\/wp-json\/wp\/v2\/media?parent=492"}],"curies":[{"name":"wp","href":"https:\/\/api.w.org\/{rel}","templated":true}]}}